{"id":1011,"date":"2023-02-01T22:12:35","date_gmt":"2023-02-01T21:12:35","guid":{"rendered":"https:\/\/massageserenite.fr\/?post_type=product&#038;p=1011"},"modified":"2025-09-12T11:27:18","modified_gmt":"2025-09-12T09:27:18","slug":"carte-cadeau-1h","status":"publish","type":"product","link":"https:\/\/massageserenite.fr\/index.php\/produit\/carte-cadeau-1h\/","title":{"rendered":"Ch\u00e8que cadeau 1h"},"content":{"rendered":"<p>Ch\u00e8que cadeau d&rsquo;1h pour 1 massage au choix.<\/p>\n<p>Si vo<span style=\"color: var(--font-color); font-family: var(--primary-font);\">us so<\/span><span style=\"color: var(--font-color); font-family: var(--primary-font);\">uhaitez que la carte cadeau soit transmise directement \u00e0 la personne \u00e0 qui vous souhaitez l&rsquo;offrir, veuillez renseigner les informations suivantes lors de la validation de la commande :<\/span><\/p>\n<ul>\n<li>l\u2019adresse de livraison de la personne qui re\u00e7oit la carte cadeau<\/li>\n<li>le texte personnel \u00e0 \u00e9crire sur la carte dans la zone \u00ab\u00a0Ajouter une note \u00e0 votre commande\u00a0\u00bb. Par exemple :\u00a0<em>De la part de XXX, pour ton anniversaire, \u2026<\/em><\/li>\n<\/ul>\n<p><img loading=\"lazy\" decoding=\"async\" class=\"size-medium wp-image-920 alignleft\" style=\"color: var(--font-color); font-family: var(--primary-font);\" src=\"https:\/\/massageserenite.fr\/wp-content\/uploads\/2023\/01\/cheque-cadeau-20233-238x300.jpg\" alt=\"\" width=\"238\" height=\"300\" srcset=\"https:\/\/massageserenite.fr\/wp-content\/uploads\/2023\/01\/cheque-cadeau-20233-238x300.jpg 238w, https:\/\/massageserenite.fr\/wp-content\/uploads\/2023\/01\/cheque-cadeau-20233-600x756.jpg 600w, https:\/\/massageserenite.fr\/wp-content\/uploads\/2023\/01\/cheque-cadeau-20233-813x1024.jpg 813w, https:\/\/massageserenite.fr\/wp-content\/uploads\/2023\/01\/cheque-cadeau-20233-768x967.jpg 768w, https:\/\/massageserenite.fr\/wp-content\/uploads\/2023\/01\/cheque-cadeau-20233-1220x1536.jpg 1220w, https:\/\/massageserenite.fr\/wp-content\/uploads\/2023\/01\/cheque-cadeau-20233-48x60.jpg 48w, https:\/\/massageserenite.fr\/wp-content\/uploads\/2023\/01\/cheque-cadeau-20233.jpg 1526w\" sizes=\"(max-width: 238px) 100vw, 238px\" \/><\/p>\n<p>&nbsp;<\/p>\n<p>&nbsp;<\/p>\n<p>&nbsp;<\/p>\n<p>&nbsp;<\/p>\n<p>&nbsp;<\/p>\n<p>&nbsp;<\/p>\n<p>&nbsp;<\/p>\n<p>&nbsp;<\/p>\n<p>&nbsp;<\/p>\n<p>&nbsp;<\/p>\n","protected":false},"excerpt":{"rendered":"<p>Ch\u00e8que cadeau d&rsquo;1h pour 1 massage au choix. Si vous souhaitez que la carte cadeau soit transmise directement \u00e0 la personne \u00e0 qui vous souhaitez l&rsquo;offrir, veuillez renseigner les informations suivantes lors de la validation de la commande : l\u2019adresse de livraison de la personne qui re\u00e7oit la carte cadeau le texte personnel \u00e0 \u00e9crire [&hellip;]<\/p>\n","protected":false},"featured_media":972,"comment_status":"open","ping_status":"closed","template":"","meta":{"saved_in_kubio":false},"product_brand":[],"product_cat":[20],"product_tag":[],"class_list":{"0":"post-1011","1":"product","2":"type-product","3":"status-publish","4":"has-post-thumbnail","6":"product_cat-cheque-cadeau","8":"first","9":"instock","10":"taxable","11":"shipping-taxable","12":"purchasable","13":"product-type-simple"},"_links":{"self":[{"href":"https:\/\/massageserenite.fr\/index.php\/wp-json\/wp\/v2\/product\/1011","targetHints":{"allow":["GET"]}}],"collection":[{"href":"https:\/\/massageserenite.fr\/index.php\/wp-json\/wp\/v2\/product"}],"about":[{"href":"https:\/\/massageserenite.fr\/index.php\/wp-json\/wp\/v2\/types\/product"}],"replies":[{"embeddable":true,"href":"https:\/\/massageserenite.fr\/index.php\/wp-json\/wp\/v2\/comments?post=1011"}],"wp:featuredmedia":[{"embeddable":true,"href":"https:\/\/massageserenite.fr\/index.php\/wp-json\/wp\/v2\/media\/972"}],"wp:attachment":[{"href":"https:\/\/massageserenite.fr\/index.php\/wp-json\/wp\/v2\/media?parent=1011"}],"wp:term":[{"taxonomy":"product_brand","embeddable":true,"href":"https:\/\/massageserenite.fr\/index.php\/wp-json\/wp\/v2\/product_brand?post=1011"},{"taxonomy":"product_cat","embeddable":true,"href":"https:\/\/massageserenite.fr\/index.php\/wp-json\/wp\/v2\/product_cat?post=1011"},{"taxonomy":"product_tag","embeddable":true,"href":"https:\/\/massageserenite.fr\/index.php\/wp-json\/wp\/v2\/product_tag?post=1011"}],"curies":[{"name":"wp","href":"https:\/\/api.w.org\/{rel}","templated":true}]}}