{"id":108,"date":"2020-09-04T12:06:12","date_gmt":"2020-09-04T10:06:12","guid":{"rendered":"http:\/\/massageserenite.fr\/?page_id=108"},"modified":"2024-10-17T09:19:07","modified_gmt":"2024-10-17T07:19:07","slug":"tarif-2020-2021","status":"publish","type":"page","link":"https:\/\/massageserenite.fr\/index.php\/tarif-2020-2021\/","title":{"rendered":"Tarifs 2025"},"content":{"rendered":"\n<h2 class=\"wp-block-heading\"><mark style=\"background-color:rgba(0, 0, 0, 0)\" class=\"has-inline-color has-luminous-vivid-orange-color\"><strong> Les Tarifs<\/strong><\/mark><\/h2>\n\n\n\n<p><\/p>\n\n\n\n<figure class=\"wp-block-image size-full\"><img decoding=\"async\" src=\"https:\/\/massageserenite.fr\/wp-content\/uploads\/2023\/02\/Tarif-definitif-2023.jpg\" alt=\"\" class=\"wp-image-1023\"\/><\/figure>\n\n\n\n<h2 class=\"wp-block-heading\"><mark style=\"background-color:rgba(0, 0, 0, 0)\" class=\"has-inline-color has-luminous-vivid-orange-color\"><strong>Le ch\u00e8que Cadeau<\/strong><\/mark><\/h2>\n\n\n\n<p><strong>Le ch\u00e8que Cadeau<\/strong> Massage S\u00e9r\u00e9nit\u00e9 est du montant que vous d\u00e9sirez et valable 1 an. <\/p>\n\n\n\n<p>1 cadeau un jour de l&rsquo;ann\u00e9e o\u00f9 il n&rsquo;y a rien \u00e0 f\u00eater, toutes f\u00eates (m\u00eame celles que je ne connais pas ! \ud83d\ude0e ), 1 anniversaire, 1 d\u00e9part \u00e0 la retraite, 1 Baby Shower, 1 EVJF, 1 mariage, No\u00ebl, le jour de l&rsquo;an\u2026<\/p>\n\n\n\n<p>Ce sont plein d&rsquo;occasions pour offrir un joli massage ! <\/p>\n\n\n\n<div class=\"wp-block-group\"><div class=\"wp-block-group__inner-container is-layout-constrained wp-block-group-is-layout-constrained\">\n<div class=\"wp-block-group is-vertical is-layout-flex wp-container-core-group-is-layout-8cf370e7 wp-block-group-is-layout-flex\">\n<div class=\"wp-block-columns is-layout-flex wp-container-core-columns-is-layout-9d6595d7 wp-block-columns-is-layout-flex\">\n<div class=\"wp-block-column is-layout-flow wp-block-column-is-layout-flow\" style=\"flex-basis:100%\">\n<figure class=\"wp-block-gallery has-nested-images columns-default is-cropped wp-block-gallery-1 is-layout-flex wp-block-gallery-is-layout-flex\">\n<figure class=\"wp-block-image size-large\"><img loading=\"lazy\" decoding=\"async\" width=\"960\" height=\"720\" data-id=\"1327\" src=\"https:\/\/massageserenite.fr\/wp-content\/uploads\/2024\/10\/cheque-cadeau2020-1.jpg\" alt=\"\" class=\"wp-image-1327\" srcset=\"https:\/\/massageserenite.fr\/wp-content\/uploads\/2024\/10\/cheque-cadeau2020-1.jpg 960w, https:\/\/massageserenite.fr\/wp-content\/uploads\/2024\/10\/cheque-cadeau2020-1-600x450.jpg 600w, https:\/\/massageserenite.fr\/wp-content\/uploads\/2024\/10\/cheque-cadeau2020-1-300x225.jpg 300w, https:\/\/massageserenite.fr\/wp-content\/uploads\/2024\/10\/cheque-cadeau2020-1-768x576.jpg 768w, https:\/\/massageserenite.fr\/wp-content\/uploads\/2024\/10\/cheque-cadeau2020-1-80x60.jpg 80w, https:\/\/massageserenite.fr\/wp-content\/uploads\/2024\/10\/cheque-cadeau2020-1-640x480.jpg 640w, https:\/\/massageserenite.fr\/wp-content\/uploads\/2024\/10\/cheque-cadeau2020-1-110x83.jpg 110w\" sizes=\"(max-width: 960px) 100vw, 960px\" \/><figcaption class=\"wp-element-caption\">Ch\u00e8que cadeau 2020 \/ 2021<\/figcaption><\/figure>\n\n\n\n<figure class=\"wp-block-image size-large\"><img loading=\"lazy\" decoding=\"async\" width=\"768\" height=\"1024\" data-id=\"832\" src=\"https:\/\/massageserenite.fr\/wp-content\/uploads\/2022\/11\/Cheque-cadeau-noel-1-768x1024.jpg\" alt=\"\" class=\"wp-image-832\" srcset=\"https:\/\/massageserenite.fr\/wp-content\/uploads\/2022\/11\/Cheque-cadeau-noel-1-768x1024.jpg 768w, https:\/\/massageserenite.fr\/wp-content\/uploads\/2022\/11\/Cheque-cadeau-noel-1-600x800.jpg 600w, https:\/\/massageserenite.fr\/wp-content\/uploads\/2022\/11\/Cheque-cadeau-noel-1-225x300.jpg 225w, https:\/\/massageserenite.fr\/wp-content\/uploads\/2022\/11\/Cheque-cadeau-noel-1-1152x1536.jpg 1152w, https:\/\/massageserenite.fr\/wp-content\/uploads\/2022\/11\/Cheque-cadeau-noel-1-45x60.jpg 45w, https:\/\/massageserenite.fr\/wp-content\/uploads\/2022\/11\/Cheque-cadeau-noel-1.jpg 1536w\" sizes=\"(max-width: 768px) 100vw, 768px\" \/><figcaption class=\"wp-element-caption\">Ch\u00e8que cadeau No\u00ebl 2022<\/figcaption><\/figure>\n\n\n\n<figure class=\"wp-block-image size-large\"><img loading=\"lazy\" decoding=\"async\" width=\"768\" height=\"1024\" data-id=\"835\" src=\"https:\/\/massageserenite.fr\/wp-content\/uploads\/2022\/11\/IMG_20221114_101511-1-768x1024.jpg\" alt=\"\" class=\"wp-image-835\" srcset=\"https:\/\/massageserenite.fr\/wp-content\/uploads\/2022\/11\/IMG_20221114_101511-1-768x1024.jpg 768w, https:\/\/massageserenite.fr\/wp-content\/uploads\/2022\/11\/IMG_20221114_101511-1-scaled-600x800.jpg 600w, https:\/\/massageserenite.fr\/wp-content\/uploads\/2022\/11\/IMG_20221114_101511-1-225x300.jpg 225w, https:\/\/massageserenite.fr\/wp-content\/uploads\/2022\/11\/IMG_20221114_101511-1-1152x1536.jpg 1152w, https:\/\/massageserenite.fr\/wp-content\/uploads\/2022\/11\/IMG_20221114_101511-1-1536x2048.jpg 1536w, https:\/\/massageserenite.fr\/wp-content\/uploads\/2022\/11\/IMG_20221114_101511-1-45x60.jpg 45w, https:\/\/massageserenite.fr\/wp-content\/uploads\/2022\/11\/IMG_20221114_101511-1-scaled.jpg 1920w\" sizes=\"(max-width: 768px) 100vw, 768px\" \/><figcaption class=\"wp-element-caption\">Ch\u00e8que cadeau 2022<\/figcaption><\/figure>\n\n\n\n<figure class=\"wp-block-image size-large\"><img loading=\"lazy\" decoding=\"async\" width=\"813\" height=\"1024\" data-id=\"920\" src=\"https:\/\/massageserenite.fr\/wp-content\/uploads\/2023\/01\/cheque-cadeau-20233-813x1024.jpg\" alt=\"\" class=\"wp-image-920\" srcset=\"https:\/\/massageserenite.fr\/wp-content\/uploads\/2023\/01\/cheque-cadeau-20233-813x1024.jpg 813w, https:\/\/massageserenite.fr\/wp-content\/uploads\/2023\/01\/cheque-cadeau-20233-600x756.jpg 600w, https:\/\/massageserenite.fr\/wp-content\/uploads\/2023\/01\/cheque-cadeau-20233-238x300.jpg 238w, https:\/\/massageserenite.fr\/wp-content\/uploads\/2023\/01\/cheque-cadeau-20233-768x967.jpg 768w, https:\/\/massageserenite.fr\/wp-content\/uploads\/2023\/01\/cheque-cadeau-20233-1220x1536.jpg 1220w, https:\/\/massageserenite.fr\/wp-content\/uploads\/2023\/01\/cheque-cadeau-20233-48x60.jpg 48w, https:\/\/massageserenite.fr\/wp-content\/uploads\/2023\/01\/cheque-cadeau-20233.jpg 1526w\" sizes=\"(max-width: 813px) 100vw, 813px\" \/><figcaption class=\"wp-element-caption\">Ch\u00e8que cadeau estival 2023<\/figcaption><\/figure>\n\n\n\n<figure class=\"wp-block-image size-large\"><img decoding=\"async\" data-id=\"1117\" src=\"https:\/\/massageserenite.fr\/wp-content\/uploads\/2023\/11\/IMG_20231108_133922-1016x1024.jpg\" alt=\"\" class=\"wp-image-1117\"\/><figcaption class=\"wp-element-caption\">Ch\u00e8que cadeau No\u00ebl 2023<\/figcaption><\/figure>\n\n\n\n<figure class=\"wp-block-image size-large\"><img loading=\"lazy\" decoding=\"async\" width=\"771\" height=\"1024\" data-id=\"1209\" src=\"https:\/\/massageserenite.fr\/wp-content\/uploads\/2024\/04\/cheque-cadeau-2024-771x1024.jpg\" alt=\"\" class=\"wp-image-1209\" srcset=\"https:\/\/massageserenite.fr\/wp-content\/uploads\/2024\/04\/cheque-cadeau-2024-771x1024.jpg 771w, https:\/\/massageserenite.fr\/wp-content\/uploads\/2024\/04\/cheque-cadeau-2024-600x797.jpg 600w, https:\/\/massageserenite.fr\/wp-content\/uploads\/2024\/04\/cheque-cadeau-2024-226x300.jpg 226w, https:\/\/massageserenite.fr\/wp-content\/uploads\/2024\/04\/cheque-cadeau-2024-768x1020.jpg 768w, https:\/\/massageserenite.fr\/wp-content\/uploads\/2024\/04\/cheque-cadeau-2024-1157x1536.jpg 1157w, https:\/\/massageserenite.fr\/wp-content\/uploads\/2024\/04\/cheque-cadeau-2024-45x60.jpg 45w, https:\/\/massageserenite.fr\/wp-content\/uploads\/2024\/04\/cheque-cadeau-2024.jpg 1542w\" sizes=\"(max-width: 771px) 100vw, 771px\" \/><figcaption class=\"wp-element-caption\">Ch\u00e8que cadeau estival 2024<\/figcaption><\/figure>\n\n\n\n<figure class=\"wp-block-image size-large\"><img decoding=\"async\" data-id=\"1307\" src=\"https:\/\/massageserenite.fr\/wp-content\/uploads\/2024\/10\/cheque-cadeau2025-1024x771.jpg\" alt=\"\" class=\"wp-image-1307\"\/><figcaption class=\"wp-element-caption\">Ch\u00e8que cadeau 2025<\/figcaption><\/figure>\n<\/figure>\n<\/div>\n<\/div>\n<\/div>\n<\/div><\/div>\n\n\n\n<p>Je peux vous l&rsquo;envoyer par courrier ou vous pouvez le retirer sur place en dehors des rendez-vous Massage. <\/p>\n\n\n\n<p><strong><span class=\"has-inline-color has-luminous-vivid-orange-color\">Les facilit\u00e9s de paiement<\/span><\/strong><\/p>\n\n\n\n<p>Vous pouvez r\u00e9gler par carte bancaire (lecteur de carte Sumup), en esp\u00e8ces ou par ch\u00e8que. <\/p>\n\n\n\n<h2 class=\"wp-block-heading\"><mark style=\"background-color:rgba(0, 0, 0, 0)\" class=\"has-inline-color has-luminous-vivid-orange-color\"><strong>La carte de fid\u00e9lit\u00e9<\/strong><\/mark><\/h2>\n\n\n\n<p><strong>La carte de fid\u00e9lit\u00e9<\/strong> est offerte d\u00e8s le premier massage pour b\u00e9n\u00e9ficier r\u00e9guli\u00e8rement de mes services.<\/p>\n\n\n\n<p>Tous les cinq massages <strong>seront d\u00e9duits 10 euros<\/strong> de la valeur totale de la prestation.<\/p>\n\n\n\n<div class=\"wp-block-group\"><div class=\"wp-block-group__inner-container is-layout-constrained wp-block-group-is-layout-constrained\">\n<figure class=\"wp-block-gallery has-nested-images columns-default is-cropped wp-block-gallery-2 is-layout-flex wp-block-gallery-is-layout-flex\">\n<figure class=\"wp-block-image size-large\"><img loading=\"lazy\" decoding=\"async\" width=\"500\" height=\"347\" data-id=\"1322\" src=\"https:\/\/massageserenite.fr\/wp-content\/uploads\/2024\/10\/CB3jpg.jpg\" alt=\"\" class=\"wp-image-1322\" srcset=\"https:\/\/massageserenite.fr\/wp-content\/uploads\/2024\/10\/CB3jpg.jpg 500w, https:\/\/massageserenite.fr\/wp-content\/uploads\/2024\/10\/CB3jpg-300x208.jpg 300w, https:\/\/massageserenite.fr\/wp-content\/uploads\/2024\/10\/CB3jpg-86x60.jpg 86w\" sizes=\"(max-width: 500px) 100vw, 500px\" \/><figcaption class=\"wp-element-caption\">Carte de visite 2020 \/ 2021<\/figcaption><\/figure>\n\n\n\n<figure class=\"wp-block-image size-large\"><img loading=\"lazy\" decoding=\"async\" width=\"500\" height=\"347\" data-id=\"1321\" src=\"https:\/\/massageserenite.fr\/wp-content\/uploads\/2024\/10\/CB2.jpg\" alt=\"\" class=\"wp-image-1321\" srcset=\"https:\/\/massageserenite.fr\/wp-content\/uploads\/2024\/10\/CB2.jpg 500w, https:\/\/massageserenite.fr\/wp-content\/uploads\/2024\/10\/CB2-300x208.jpg 300w, https:\/\/massageserenite.fr\/wp-content\/uploads\/2024\/10\/CB2-86x60.jpg 86w\" sizes=\"(max-width: 500px) 100vw, 500px\" \/><figcaption class=\"wp-element-caption\">Carte de visite 2022<\/figcaption><\/figure>\n\n\n\n<figure class=\"wp-block-image size-full\"><img loading=\"lazy\" decoding=\"async\" width=\"500\" height=\"347\" data-id=\"1217\" src=\"https:\/\/massageserenite.fr\/wp-content\/uploads\/2024\/04\/CB1.jpg\" alt=\"\" class=\"wp-image-1217\" srcset=\"https:\/\/massageserenite.fr\/wp-content\/uploads\/2024\/04\/CB1.jpg 500w, https:\/\/massageserenite.fr\/wp-content\/uploads\/2024\/04\/CB1-300x208.jpg 300w, https:\/\/massageserenite.fr\/wp-content\/uploads\/2024\/04\/CB1-86x60.jpg 86w\" sizes=\"(max-width: 500px) 100vw, 500px\" \/><figcaption class=\"wp-element-caption\">Carte de visite 2023<\/figcaption><\/figure>\n\n\n\n<figure class=\"wp-block-image size-large\"><img loading=\"lazy\" decoding=\"async\" width=\"1024\" height=\"462\" data-id=\"1319\" src=\"https:\/\/massageserenite.fr\/wp-content\/uploads\/2024\/10\/carte-de-visite-1024x462.jpg\" alt=\"\" class=\"wp-image-1319\" srcset=\"https:\/\/massageserenite.fr\/wp-content\/uploads\/2024\/10\/carte-de-visite-1024x462.jpg 1024w, https:\/\/massageserenite.fr\/wp-content\/uploads\/2024\/10\/carte-de-visite-600x271.jpg 600w, https:\/\/massageserenite.fr\/wp-content\/uploads\/2024\/10\/carte-de-visite-300x135.jpg 300w, https:\/\/massageserenite.fr\/wp-content\/uploads\/2024\/10\/carte-de-visite-768x347.jpg 768w, https:\/\/massageserenite.fr\/wp-content\/uploads\/2024\/10\/carte-de-visite-1536x694.jpg 1536w, https:\/\/massageserenite.fr\/wp-content\/uploads\/2024\/10\/carte-de-visite-133x60.jpg 133w, https:\/\/massageserenite.fr\/wp-content\/uploads\/2024\/10\/carte-de-visite.jpg 1774w\" sizes=\"(max-width: 1024px) 100vw, 1024px\" \/><figcaption class=\"wp-element-caption\">Carte de visite 2024<\/figcaption><\/figure>\n<\/figure>\n\n\n\n<p><\/p>\n<\/div><\/div>\n\n\n\n<p><mark style=\"background-color:rgba(0, 0, 0, 0)\" class=\"has-inline-color has-luminous-vivid-orange-color\"><strong>Les supports de communication Massage-S\u00e9r\u00e9nit\u00e9<\/strong><\/mark><\/p>\n\n\n\n<div class=\"wp-block-columns alignwide is-layout-flex wp-container-core-columns-is-layout-9d6595d7 wp-block-columns-is-layout-flex\">\n<div class=\"wp-block-column is-vertically-aligned-center is-layout-flow wp-block-column-is-layout-flow\" style=\"flex-basis:50%\">\n<div class=\"wp-block-group is-nowrap is-layout-flex wp-container-core-group-is-layout-ad2f72ca wp-block-group-is-layout-flex\">\n<div class=\"wp-block-columns is-layout-flex wp-container-core-columns-is-layout-9d6595d7 wp-block-columns-is-layout-flex\">\n<div class=\"wp-block-column is-layout-flow wp-block-column-is-layout-flow\" style=\"flex-basis:25%\">\n<figure class=\"wp-block-image size-full is-resized\"><img loading=\"lazy\" decoding=\"async\" width=\"500\" height=\"500\" src=\"https:\/\/massageserenite.fr\/wp-content\/uploads\/2024\/04\/tee-shirtMS.jpg\" alt=\"\" class=\"wp-image-1224\" style=\"width:168px;height:auto\" srcset=\"https:\/\/massageserenite.fr\/wp-content\/uploads\/2024\/04\/tee-shirtMS.jpg 500w, https:\/\/massageserenite.fr\/wp-content\/uploads\/2024\/04\/tee-shirtMS-300x300.jpg 300w, https:\/\/massageserenite.fr\/wp-content\/uploads\/2024\/04\/tee-shirtMS-100x100.jpg 100w, https:\/\/massageserenite.fr\/wp-content\/uploads\/2024\/04\/tee-shirtMS-150x150.jpg 150w, https:\/\/massageserenite.fr\/wp-content\/uploads\/2024\/04\/tee-shirtMS-60x60.jpg 60w, https:\/\/massageserenite.fr\/wp-content\/uploads\/2024\/04\/tee-shirtMS-90x90.jpg 90w\" sizes=\"(max-width: 500px) 100vw, 500px\" \/><\/figure>\n\n\n\n<figure class=\"wp-block-image size-full is-resized\"><img decoding=\"async\" src=\"https:\/\/massageserenite.fr\/wp-content\/uploads\/2024\/04\/1anMS.jpg\" alt=\"\" class=\"wp-image-1225\" style=\"width:172px;height:auto\"\/><\/figure>\n<\/div>\n\n\n\n<div class=\"wp-block-column is-layout-flow wp-block-column-is-layout-flow\" style=\"flex-basis:50%\">\n<figure class=\"wp-block-image size-full is-resized\"><img decoding=\"async\" src=\"https:\/\/massageserenite.fr\/wp-content\/uploads\/2024\/04\/SVMS.jpg\" alt=\"\" class=\"wp-image-1227\" style=\"width:259px;height:auto\"\/><\/figure>\n\n\n\n<figure class=\"wp-block-image size-full is-resized\"><img decoding=\"async\" src=\"https:\/\/massageserenite.fr\/wp-content\/uploads\/2024\/04\/MS-1.jpg\" alt=\"\" class=\"wp-image-1233\" style=\"width:304px;height:auto\"\/><\/figure>\n<\/div>\n\n\n\n<div class=\"wp-block-column is-layout-flow wp-block-column-is-layout-flow\" style=\"flex-basis:25%\">\n<figure class=\"wp-block-image size-full is-resized\"><img decoding=\"async\" src=\"https:\/\/massageserenite.fr\/wp-content\/uploads\/2024\/04\/3ansMS-1.jpg\" alt=\"\" class=\"wp-image-1230\" style=\"width:257px;height:auto\"\/><\/figure>\n\n\n\n<figure class=\"wp-block-image size-full is-resized\"><img decoding=\"async\" src=\"https:\/\/massageserenite.fr\/wp-content\/uploads\/2024\/04\/kobidMS.jpg\" alt=\"\" class=\"wp-image-1231\" style=\"width:256px;height:auto\"\/><\/figure>\n\n\n\n<figure class=\"wp-block-image size-full is-resized\"><img loading=\"lazy\" decoding=\"async\" width=\"500\" height=\"358\" src=\"https:\/\/massageserenite.fr\/wp-content\/uploads\/2024\/04\/MS4.jpg\" alt=\"\" class=\"wp-image-1234\" style=\"width:255px;height:auto\" srcset=\"https:\/\/massageserenite.fr\/wp-content\/uploads\/2024\/04\/MS4.jpg 500w, https:\/\/massageserenite.fr\/wp-content\/uploads\/2024\/04\/MS4-300x215.jpg 300w, https:\/\/massageserenite.fr\/wp-content\/uploads\/2024\/04\/MS4-84x60.jpg 84w\" sizes=\"(max-width: 500px) 100vw, 500px\" \/><\/figure>\n<\/div>\n<\/div>\n<\/div>\n<\/div>\n<\/div>\n\n\n\n<p><\/p>\n","protected":false},"excerpt":{"rendered":"<p>Les Tarifs Le ch\u00e8que Cadeau Le ch\u00e8que Cadeau Massage S\u00e9r\u00e9nit\u00e9 est du montant que vous d\u00e9sirez et valable 1 an. 1 cadeau un jour de l&rsquo;ann\u00e9e o\u00f9 il n&rsquo;y a rien \u00e0 f\u00eater, toutes f\u00eates (m\u00eame celles que je ne connais pas ! \ud83d\ude0e ), 1 anniversaire, 1 d\u00e9part \u00e0 la retraite, 1 Baby Shower, [&hellip;]<\/p>\n","protected":false},"author":1,"featured_media":0,"parent":0,"menu_order":0,"comment_status":"closed","ping_status":"closed","template":"page-tarifs-2024-template","meta":{"saved_in_kubio":true,"footnotes":""},"class_list":["post-108","page","type-page","status-publish","hentry"],"kubio_ai_page_context":{"short_desc":"","purpose":"general"},"_links":{"self":[{"href":"https:\/\/massageserenite.fr\/index.php\/wp-json\/wp\/v2\/pages\/108","targetHints":{"allow":["GET"]}}],"collection":[{"href":"https:\/\/massageserenite.fr\/index.php\/wp-json\/wp\/v2\/pages"}],"about":[{"href":"https:\/\/massageserenite.fr\/index.php\/wp-json\/wp\/v2\/types\/page"}],"author":[{"embeddable":true,"href":"https:\/\/massageserenite.fr\/index.php\/wp-json\/wp\/v2\/users\/1"}],"replies":[{"embeddable":true,"href":"https:\/\/massageserenite.fr\/index.php\/wp-json\/wp\/v2\/comments?post=108"}],"version-history":[{"count":54,"href":"https:\/\/massageserenite.fr\/index.php\/wp-json\/wp\/v2\/pages\/108\/revisions"}],"predecessor-version":[{"id":1770,"href":"https:\/\/massageserenite.fr\/index.php\/wp-json\/wp\/v2\/pages\/108\/revisions\/1770"}],"wp:attachment":[{"href":"https:\/\/massageserenite.fr\/index.php\/wp-json\/wp\/v2\/media?parent=108"}],"curies":[{"name":"wp","href":"https:\/\/api.w.org\/{rel}","templated":true}]}}